{"id":208,"date":"2025-05-24T18:01:52","date_gmt":"2025-05-24T21:01:52","guid":{"rendered":"https:\/\/web.idepba.com.ar\/tiendaweb\/?post_type=product&#038;p=208"},"modified":"2025-06-01T12:50:34","modified_gmt":"2025-06-01T15:50:34","slug":"notebook-hp-victus-gaming-15-fa0027la-i5-8gb-ram-512gb-win11","status":"publish","type":"product","link":"https:\/\/web.idepba.com.ar\/tiendaweb\/producto\/notebook-hp-victus-gaming-15-fa0027la-i5-8gb-ram-512gb-win11\/","title":{"rendered":"Notebook HP Victus Gaming 15-fa0027la i5 8GB Ram 512gb Win11"},"content":{"rendered":"<p>Notebook HP Victus Gaming 15-fa0027la &#8211; A18J3LA<\/p>\n<p>Componentes de procesamiento superior<br \/>\nJuega en tu mejor nivel con un procesador Intel Core de 12. generaci\u00f3n, una moderna tarjeta de gr\u00e1ficos y mucha capacidad de memoria.<\/p>\n<p>Dise\u00f1o sofisticado y refinado<br \/>\nEste dispositivo liviano, que ocupa menos espacio y cuenta con tres opciones decolores, luce bien en cualquier lugar.<\/p>\n<p>Todas las funciones que podr\u00edas necesitar<br \/>\nDesde el dise\u00f1o t\u00e9rmico mejorado hasta la c\u00e1mara HD, esta laptop lo tiene todo.<\/p>\n<p>Especificaciones<br \/>\n&#8211; Sistema operativo: Windows 11 Home Single Language<br \/>\n&#8211; Procesador: Intel Core i5-12450H (hasta 4,4 GHz con tecnolog\u00eda Intel Turbo Boost, 12 MB de cach\u00e9 L3, 8 n\u00facleos y 12 subprocesos)<br \/>\n&#8211; Familia del procesador: Procesador Intel Core i5 de 12. generaci\u00f3n<br \/>\n&#8211; Chipset: SoC integrado Intel<br \/>\n&#8211; Memoria: 8 GB de RAM DDR4-3200 MHz (1 x 8 GB)<br \/>\n&#8211; Velocidades de transferencia de hasta 3200 MT\/s<br \/>\n&#8211; Cantidad de ranuras de memoria accesibles por el usuario: 2<br \/>\n&#8211; Almacenamiento de datos: Unidad de estado s\u00f3lido PCIe Gen4 NVMe M.2 de 512 GB<br \/>\n&#8211; Almacenamiento en Dropbox de 25 GB durante 12 meses<br \/>\n&#8211; Gr\u00e1ficos: GPU NVIDIA GeForce RTX 3050 para laptop (GDDR6 de 4 GB dedicada); Desarrollado con la arquitectura de NVIDIA Ampere<br \/>\n&#8211; Audio: Audio by B&amp;O; Altavoces dobles; HP Audio Boost<br \/>\n&#8211; Pantalla: Pantalla FHD, IPS, antirreflectante, con tiempo de respuesta de 9 ms y microbordes, de 144 Hz, 39,6 cm (15,6 pulgadas) en diagonal, 250 nits y 45 % de NTSC (1920 x 1080)<br \/>\n&#8211; Relaci\u00f3n pantalla-cuerpo: 82.23%<br \/>\n&#8211; Alimentaci\u00f3n: Adaptador de CA Smart de 200 W;<br \/>\n&#8211; Tipo de bater\u00eda: Pol\u00edmero de iones de litio, de 4 celdas y 70 Wh 280 g<br \/>\n&#8211; Bater\u00eda y energ\u00eda: Hasta 8 horas y 15 minutos<br \/>\n&#8211; Compatibilidad con carga r\u00e1pida de bater\u00eda: aproximadamente 50 % en 30 minutos<br \/>\n&#8211; Duraci\u00f3n m\u00e1xima de la bater\u00eda reproduciendo video: Hasta 10 horas y 30 minutos<\/p>\n<p>Conectividad<br \/>\n&#8211; Interfaz de red: LAN 10\/100\/1000 GbE integrada<br \/>\n&#8211; Conectividad inal\u00e1mbrica: Tarjeta inal\u00e1mbrica de Intel Wi-Fi 6E AX211 (2&#215;2) y Bluetooth 5.3 (compatible con velocidad de datos de Gigabit) Espera moderna (conectada); LAN inal\u00e1mbrica de rango extendido de HP<br \/>\n&#8211; Puertos: 1 USB Type-C con velocidad de se\u00f1alizaci\u00f3n de 5 Gb\/s (DisplayPort 1.4, HP Sleepand Charge); 1 USB Tipo-A con velocidad de se\u00f1alizaci\u00f3n de 5 Gb\/s (HP Sleep and Charge); 1 USB Tipo-A con velocidad de se\u00f1alizaci\u00f3n de 5 Gb\/s; 1 HDMI 2.1; 1 RJ-45; 1pin inteligente de CA; 1 combinaci\u00f3n de auriculares\/micr\u00f3fono<br \/>\n&#8211; Ranuras de expansi\u00f3n: 1 lector de tarjetas SD multiformato<br \/>\n&#8211; C\u00e1mara Web: C\u00e1mara HD HP Wide Vision de 720p con reducci\u00f3n de ruido temporal y micr\u00f3fonos digitales integrados de doble matriz<\/p>\n<p>Sustentabilidad<br \/>\n&#8211; Etiquetas ecol\u00f3gicas: Registro EPEAT Gold<br \/>\n&#8211; Certificado Energy Star: Certificaci\u00f3n ENERGY STAR<br \/>\n&#8211; Especificaciones de impacto sustentable: Pl\u00e1stico de origen oce\u00e1nico reciclado en las carcasas de los altavoces y el bisel; Las teclas y el mecanismo de teclado tipo tijera es fabricado con material pl\u00e1stico reciclado, posconsumo renovable<\/p>\n<p>Dise\u00f1o<br \/>\n&#8211; Color de producto: Plata mica, logotipo cromado negro. Acabado en pintura<\/p>\n<p>Software<br \/>\n&#8211; Aplicaciones HP: HP CoolSense; HP Documentation; HP Games by WildTangent; HP JumpStart; HPSetup Integrated OOBE; HP SSRM; HP Support Assistant; HP System Event Utility;OMEN Command Center; HP Connection Optimizer; HP PC Hardware DiagnosticsWindows; HP Privacy Settings; HP BIOS Recovery<br \/>\n&#8211; Software: ExpressVPN (prueba gratuita de 30 d\u00edas); LastPass Premium (prueba gratuita de 30d\u00edas); 1 mes de prueba para los nuevos clientes de Microsoft 365<br \/>\n&#8211; Servicio y soporte: Prueba de 30 d\u00edas de McAfee Online Protection<\/p>\n<p>Informaci\u00f3n adicional<br \/>\n&#8211; N\u00famero de producto: P\/N: A18J3LA #AC8<br \/>\n&#8211; UPC\/EAN code: 198122768301<br \/>\n&#8211; Peso: 2,29 kg;<br \/>\n&#8211; Empaquetado: 3,35 kg<br \/>\n&#8211; Dimensiones: 35,79 x 25,5 x 2,35 cm;<br \/>\n&#8211; Empaquetado: 6,9 x 52 x 30,5 cm<br \/>\n&#8211; Garant\u00eda del fabricante: 1 a\u00f1o de garant\u00eda limitada de hardware con soporte t\u00e9cnico telef\u00f3nico gratuito. 90d\u00edas de soporte t\u00e9cnico limitado para software (a partir de la fecha de compra).<br \/>\n&#8211; Teclado: Teclado de tama\u00f1o completo, con retroiluminaci\u00f3n, de color plata mica y teclado num\u00e9rico HP Mousepad compatible con la funci\u00f3n multit\u00e1ctil<br \/>\n&#8211; Gesti\u00f3n de seguridad: Compatibilidad con Trusted Platform Module (TPM de firmware)<\/p>\n","protected":false},"excerpt":{"rendered":"<p>Notebook HP Victus Gaming 15-fa0027la &#8211; A18J3LA Componentes de procesamiento superior Juega en tu mejor nivel con un procesador Intel Core de 12. generaci\u00f3n, una moderna tarjeta de gr\u00e1ficos y mucha capacidad de memoria. Dise\u00f1o sofisticado y refinado Este dispositivo liviano, que ocupa menos espacio y cuenta con tres opciones decolores, luce bien en cualquier lugar. Todas las funciones que podr\u00edas necesitar Desde el dise\u00f1o t\u00e9rmico mejorado hasta la c\u00e1mara HD, esta laptop lo tiene todo. Especificaciones &#8211; Sistema operativo: Windows 11 Home Single Language &#8211; Procesador: Intel Core i5-12450H (hasta 4,4 GHz con tecnolog\u00eda Intel Turbo Boost, 12 MB de cach\u00e9 L3, 8 n\u00facleos y 12 subprocesos) &#8211; Familia del procesador: Procesador Intel Core i5 de 12. generaci\u00f3n &#8211; Chipset: SoC integrado Intel &#8211; Memoria: 8 GB de RAM DDR4-3200 MHz (1 x 8 GB) &#8211; Velocidades de transferencia de hasta 3200 MT\/s &#8211; Cantidad de ranuras de memoria accesibles por el usuario: 2 &#8211; Almacenamiento de datos: Unidad de estado s\u00f3lido PCIe Gen4 NVMe M.2 de 512 GB &#8211; Almacenamiento en Dropbox de 25 GB durante 12 meses &#8211; Gr\u00e1ficos: GPU NVIDIA GeForce RTX 3050 para laptop (GDDR6 de 4 GB dedicada); Desarrollado con la arquitectura de NVIDIA Ampere &#8211; Audio: Audio by B&amp;O; Altavoces dobles; HP Audio Boost &#8211; Pantalla: Pantalla FHD, IPS, antirreflectante, con tiempo de respuesta de 9 ms y microbordes, de 144 Hz, 39,6 cm (15,6 pulgadas) en diagonal, 250 nits y 45 % de NTSC (1920 x 1080) &#8211; Relaci\u00f3n pantalla-cuerpo: 82.23% &#8211; Alimentaci\u00f3n: Adaptador de CA Smart de 200 W; &#8211; Tipo de bater\u00eda: Pol\u00edmero de iones de litio, de 4 celdas y 70 Wh 280 g &#8211; Bater\u00eda y energ\u00eda: Hasta 8 horas y 15 minutos &#8211; Compatibilidad con carga r\u00e1pida de bater\u00eda: aproximadamente 50 % en 30 minutos &#8211; Duraci\u00f3n m\u00e1xima de la bater\u00eda reproduciendo video: Hasta 10 horas y 30 minutos Conectividad &#8211; Interfaz de red: LAN 10\/100\/1000 GbE integrada &#8211; Conectividad inal\u00e1mbrica: Tarjeta inal\u00e1mbrica de Intel Wi-Fi 6E AX211 (2&#215;2) y Bluetooth 5.3 (compatible con velocidad de datos de Gigabit) Espera moderna (conectada); LAN inal\u00e1mbrica de rango extendido de HP &#8211; Puertos: 1 USB Type-C con velocidad de se\u00f1alizaci\u00f3n de 5 Gb\/s (DisplayPort 1.4, HP Sleepand Charge); 1 USB Tipo-A con velocidad de se\u00f1alizaci\u00f3n de 5 Gb\/s (HP Sleep and Charge); 1 USB Tipo-A con velocidad de se\u00f1alizaci\u00f3n de 5 Gb\/s; 1 HDMI 2.1; 1 RJ-45; 1pin inteligente de CA; 1 combinaci\u00f3n de auriculares\/micr\u00f3fono &#8211; Ranuras de expansi\u00f3n: 1 lector de tarjetas SD multiformato &#8211; C\u00e1mara Web: C\u00e1mara HD HP Wide Vision de 720p con reducci\u00f3n de ruido temporal y micr\u00f3fonos digitales integrados de doble matriz Sustentabilidad &#8211; Etiquetas ecol\u00f3gicas: Registro EPEAT Gold &#8211; Certificado Energy Star: Certificaci\u00f3n ENERGY STAR &#8211; Especificaciones de impacto sustentable: Pl\u00e1stico de origen oce\u00e1nico reciclado en las carcasas de los altavoces y el bisel; Las teclas y el mecanismo de teclado tipo tijera es fabricado con material pl\u00e1stico reciclado, posconsumo renovable Dise\u00f1o &#8211; Color de producto: Plata mica, logotipo cromado negro. Acabado en pintura Software &#8211; Aplicaciones HP: HP CoolSense; HP Documentation; HP Games by WildTangent; HP JumpStart; HPSetup Integrated OOBE; HP SSRM; HP Support Assistant; HP System Event Utility;OMEN Command Center; HP Connection Optimizer; HP PC Hardware DiagnosticsWindows; HP Privacy Settings; HP BIOS Recovery &#8211; Software: ExpressVPN (prueba gratuita de 30 d\u00edas); LastPass Premium (prueba gratuita de 30d\u00edas); 1 mes de prueba para los nuevos clientes de Microsoft 365 &#8211; Servicio y soporte: Prueba de 30 d\u00edas de McAfee Online Protection Informaci\u00f3n adicional &#8211; N\u00famero de producto: P\/N: A18J3LA #AC8 &#8211; UPC\/EAN code: 198122768301 &#8211; Peso: 2,29 kg; &#8211; Empaquetado: 3,35 kg &#8211; Dimensiones: 35,79 x 25,5 x 2,35 cm; &#8211; Empaquetado: 6,9 x 52 x 30,5 cm &#8211; Garant\u00eda del fabricante: 1 a\u00f1o de garant\u00eda limitada de hardware con soporte t\u00e9cnico telef\u00f3nico gratuito. 90d\u00edas de soporte t\u00e9cnico limitado para software (a partir de la fecha de compra). &#8211; Teclado: Teclado de tama\u00f1o completo, con retroiluminaci\u00f3n, de color plata mica y teclado num\u00e9rico HP Mousepad compatible con la funci\u00f3n multit\u00e1ctil &#8211; Gesti\u00f3n de seguridad: Compatibilidad con Trusted Platform Module (TPM de firmware)<\/p>\n","protected":false},"featured_media":210,"comment_status":"open","ping_status":"closed","template":"","meta":{"_uag_custom_page_level_css":"","ngg_post_thumbnail":0,"pgc_sgb_lightbox_settings":""},"product_brand":[],"product_cat":[33],"product_tag":[36,35],"class_list":{"0":"post-208","1":"product","2":"type-product","3":"status-publish","4":"has-post-thumbnail","6":"product_cat-notebooks","7":"product_tag-gaming","8":"product_tag-portatil","10":"first","11":"instock","12":"taxable","13":"shipping-taxable","14":"purchasable","15":"product-type-simple"},"uagb_featured_image_src":{"full":["https:\/\/web.idepba.com.ar\/tiendaweb\/wp-content\/uploads\/sites\/6\/2025\/05\/notebookhp.webp",292,292,false],"thumbnail":["https:\/\/web.idepba.com.ar\/tiendaweb\/wp-content\/uploads\/sites\/6\/2025\/05\/notebookhp-150x150.webp",150,150,true],"medium":["https:\/\/web.idepba.com.ar\/tiendaweb\/wp-content\/uploads\/sites\/6\/2025\/05\/notebookhp.webp",292,292,false],"medium_large":["https:\/\/web.idepba.com.ar\/tiendaweb\/wp-content\/uploads\/sites\/6\/2025\/05\/notebookhp.webp",292,292,false],"large":["https:\/\/web.idepba.com.ar\/tiendaweb\/wp-content\/uploads\/sites\/6\/2025\/05\/notebookhp.webp",292,292,false],"RoboGalleryMansoryImagesCenter":["https:\/\/web.idepba.com.ar\/tiendaweb\/wp-content\/uploads\/sites\/6\/2025\/05\/notebookhp.webp",292,292,false],"RoboGalleryPreload":["https:\/\/web.idepba.com.ar\/tiendaweb\/wp-content\/uploads\/sites\/6\/2025\/05\/notebookhp.webp",100,100,false],"1536x1536":["https:\/\/web.idepba.com.ar\/tiendaweb\/wp-content\/uploads\/sites\/6\/2025\/05\/notebookhp.webp",292,292,false],"2048x2048":["https:\/\/web.idepba.com.ar\/tiendaweb\/wp-content\/uploads\/sites\/6\/2025\/05\/notebookhp.webp",292,292,false],"depicter-thumbnail":["https:\/\/web.idepba.com.ar\/tiendaweb\/wp-content\/uploads\/sites\/6\/2025\/05\/notebookhp-200x200.webp",200,200,true],"woocommerce_archive_thumbnail":["https:\/\/web.idepba.com.ar\/tiendaweb\/wp-content\/uploads\/sites\/6\/2025\/05\/notebookhp-292x225.webp",292,225,true],"woocommerce_thumbnail":["https:\/\/web.idepba.com.ar\/tiendaweb\/wp-content\/uploads\/sites\/6\/2025\/05\/notebookhp.webp",292,292,false],"woocommerce_single":["https:\/\/web.idepba.com.ar\/tiendaweb\/wp-content\/uploads\/sites\/6\/2025\/05\/notebookhp.webp",292,292,false],"woocommerce_gallery_thumbnail":["https:\/\/web.idepba.com.ar\/tiendaweb\/wp-content\/uploads\/sites\/6\/2025\/05\/notebookhp-100x100.webp",100,100,true],"variation_swatches_image_size":["https:\/\/web.idepba.com.ar\/tiendaweb\/wp-content\/uploads\/sites\/6\/2025\/05\/notebookhp-50x50.webp",50,50,true],"variation_swatches_tooltip_size":["https:\/\/web.idepba.com.ar\/tiendaweb\/wp-content\/uploads\/sites\/6\/2025\/05\/notebookhp-100x100.webp",100,100,true]},"uagb_author_info":{"display_name":"ivan","author_link":"https:\/\/web.idepba.com.ar\/tiendaweb\/author\/"},"uagb_comment_info":0,"uagb_excerpt":"Notebook HP Victus Gaming 15-fa0027la &#8211; A18J3LA Componentes de procesamiento superior Juega en tu mejor nivel con un procesador Intel Core de 12. generaci\u00f3n, una moderna tarjeta de gr\u00e1ficos y mucha capacidad de memoria. Dise\u00f1o sofisticado y refinado Este dispositivo liviano, que ocupa menos espacio y cuenta con tres opciones decolores, luce bien en cualquier&hellip;","_links":{"self":[{"href":"https:\/\/web.idepba.com.ar\/tiendaweb\/wp-json\/wp\/v2\/product\/208","targetHints":{"allow":["GET"]}}],"collection":[{"href":"https:\/\/web.idepba.com.ar\/tiendaweb\/wp-json\/wp\/v2\/product"}],"about":[{"href":"https:\/\/web.idepba.com.ar\/tiendaweb\/wp-json\/wp\/v2\/types\/product"}],"replies":[{"embeddable":true,"href":"https:\/\/web.idepba.com.ar\/tiendaweb\/wp-json\/wp\/v2\/comments?post=208"}],"wp:featuredmedia":[{"embeddable":true,"href":"https:\/\/web.idepba.com.ar\/tiendaweb\/wp-json\/wp\/v2\/media\/210"}],"wp:attachment":[{"href":"https:\/\/web.idepba.com.ar\/tiendaweb\/wp-json\/wp\/v2\/media?parent=208"}],"wp:term":[{"taxonomy":"product_brand","embeddable":true,"href":"https:\/\/web.idepba.com.ar\/tiendaweb\/wp-json\/wp\/v2\/product_brand?post=208"},{"taxonomy":"product_cat","embeddable":true,"href":"https:\/\/web.idepba.com.ar\/tiendaweb\/wp-json\/wp\/v2\/product_cat?post=208"},{"taxonomy":"product_tag","embeddable":true,"href":"https:\/\/web.idepba.com.ar\/tiendaweb\/wp-json\/wp\/v2\/product_tag?post=208"}],"curies":[{"name":"wp","href":"https:\/\/api.w.org\/{rel}","templated":true}]}}