{"id":218,"date":"2025-05-24T18:34:43","date_gmt":"2025-05-24T21:34:43","guid":{"rendered":"https:\/\/web.idepba.com.ar\/tiendaweb\/?post_type=product&#038;p=218"},"modified":"2025-05-28T18:09:32","modified_gmt":"2025-05-28T21:09:32","slug":"mouse-gamer-logitech-g502-hero","status":"publish","type":"product","link":"https:\/\/web.idepba.com.ar\/tiendaweb\/producto\/mouse-gamer-logitech-g502-hero\/","title":{"rendered":"Mouse Gamer Logitech G502 HERO"},"content":{"rendered":"<p>El mejor aliado para lo que necesites. Us\u00e1 tu Logitech Hero G Series en la oficina, en tu casa o donde quieras y naveg\u00e1 en tus dispositivos sin l\u00edmites.<br \/>\nA un click de distancia<br \/>\nEl mouse gaming te ofrecer\u00e1 la posibilidad de marcar la diferencia y sacar ventajas en tus partidas. Su conectividad y sensor suave ayudar\u00e1 a que te desplaces r\u00e1pido por la pantalla. Adem\u00e1s, su sistema de detecci\u00f3n de movimiento \u00f3ptico te permitir\u00e1 mover el cursor de una manera m\u00e1s precisa y sensible que en los sistemas tradicionales. Con sus 11 botones podr\u00e1s tener mayor control e independencia para ejecutar.<\/p>\n<p>Seguimiento<br \/>\n\u2022 Sensor: HERO\u2122<br \/>\n\u2022 Resoluci\u00f3n: 100 \u2013 16.000 dpi<br \/>\n\u2022 Sin suavizado\/aceleraci\u00f3n\/filtros<br \/>\n\u2022 Aceleraci\u00f3n m\u00e1xima: &gt; 40 G2<br \/>\n\u2022 Velocidad m\u00e1xima: &gt; 400 ips2<\/p>\n<p>Respuesta<br \/>\n\u2022 Formato de datos USB: 16 bits\/eje<br \/>\n\u2022 Velocidad de respuesta USB: 1000 Hz (1 ms)<br \/>\n\u2022 Microprocesador: 32 bits ARM<\/p>\n<p>Durabilidad<br \/>\n\u2022 Botones principales: 50 millones de clics<br \/>\n\u2022 Pies de PTFE: Recorrido de 250 kil\u00f3metros2<\/p>\n<p>Especificaciones f\u00edsicas<br \/>\n\u2022 Altura: 132 mm(5,2 in)<br \/>\n\u2022 Anchura: 75 mm (2,95 in)<br \/>\n\u2022 Profundidad: 40 mm (1,57 in)<br \/>\n\u2022 Peso: 168 g (5,9 oz) rat\u00f3n y cable<br \/>\n\u2022 Peso: 121 g (4,3 oz) s\u00f3lo rat\u00f3n<\/p>\n<p>Otras caracter\u00edsticas<br \/>\n\u2022 Memoria integrada: 5 perfiles<br \/>\n\u2022 RGB LIGHTSYNC: 1 zona<br \/>\n\u2022 Cable trenzado<\/p>\n<p>Contenido de la caja<br \/>\n\u2022 Rat\u00f3n para gaming G502 HERO<br \/>\n\u2022 Cinco pesas opcionales de 3,6 g<br \/>\n\u2022 Documentaci\u00f3n del usuario<\/p>\n<p>REQUISITOS DEL SISTEMA<br \/>\n\u2022 Windows\u00ae 10, Windows 8.1, Windows 8, Windows 7<br \/>\n\u2022 Puerto USB<\/p>\n<p>\u2022 Conexi\u00f3n a Internet para descarga de software opcional<\/p>\n","protected":false},"excerpt":{"rendered":"<p>El mejor aliado para lo que necesites. Us\u00e1 tu Logitech Hero G Series en la oficina, en tu casa o donde quieras y naveg\u00e1 en tus dispositivos sin l\u00edmites. A un click de distancia El mouse gaming te ofrecer\u00e1 la posibilidad de marcar la diferencia y sacar ventajas en tus partidas. Su conectividad y sensor suave ayudar\u00e1 a que te desplaces r\u00e1pido por la pantalla. Adem\u00e1s, su sistema de detecci\u00f3n de movimiento \u00f3ptico te permitir\u00e1 mover el cursor de una manera m\u00e1s precisa y sensible que en los sistemas tradicionales. Con sus 11 botones podr\u00e1s tener mayor control e independencia para ejecutar. Seguimiento \u2022 Sensor: HERO\u2122 \u2022 Resoluci\u00f3n: 100 \u2013 16.000 dpi \u2022 Sin suavizado\/aceleraci\u00f3n\/filtros \u2022 Aceleraci\u00f3n m\u00e1xima: &gt; 40 G2 \u2022 Velocidad m\u00e1xima: &gt; 400 ips2 Respuesta \u2022 Formato de datos USB: 16 bits\/eje \u2022 Velocidad de respuesta USB: 1000 Hz (1 ms) \u2022 Microprocesador: 32 bits ARM Durabilidad \u2022 Botones principales: 50 millones de clics \u2022 Pies de PTFE: Recorrido de 250 kil\u00f3metros2 Especificaciones f\u00edsicas \u2022 Altura: 132 mm(5,2 in) \u2022 Anchura: 75 mm (2,95 in) \u2022 Profundidad: 40 mm (1,57 in) \u2022 Peso: 168 g (5,9 oz) rat\u00f3n y cable \u2022 Peso: 121 g (4,3 oz) s\u00f3lo rat\u00f3n Otras caracter\u00edsticas \u2022 Memoria integrada: 5 perfiles \u2022 RGB LIGHTSYNC: 1 zona \u2022 Cable trenzado Contenido de la caja \u2022 Rat\u00f3n para gaming G502 HERO \u2022 Cinco pesas opcionales de 3,6 g \u2022 Documentaci\u00f3n del usuario REQUISITOS DEL SISTEMA \u2022 Windows\u00ae 10, Windows 8.1, Windows 8, Windows 7 \u2022 Puerto USB \u2022 Conexi\u00f3n a Internet para descarga de software opcional<\/p>\n","protected":false},"featured_media":220,"comment_status":"open","ping_status":"closed","template":"","meta":{"_uag_custom_page_level_css":"","ngg_post_thumbnail":0,"pgc_sgb_lightbox_settings":""},"product_brand":[38],"product_cat":[32],"product_tag":[36,39],"class_list":{"0":"post-218","1":"product","2":"type-product","3":"status-publish","4":"has-post-thumbnail","6":"product_brand-logitech","7":"product_cat-teclados-y-mouse","8":"product_tag-gaming","9":"product_tag-perifericos","11":"first","12":"instock","13":"taxable","14":"shipping-taxable","15":"purchasable","16":"product-type-simple"},"uagb_featured_image_src":{"full":["https:\/\/web.idepba.com.ar\/tiendaweb\/wp-content\/uploads\/sites\/6\/2025\/05\/mouse-logitech.webp",1024,1024,false],"thumbnail":["https:\/\/web.idepba.com.ar\/tiendaweb\/wp-content\/uploads\/sites\/6\/2025\/05\/mouse-logitech-150x150.webp",150,150,true],"medium":["https:\/\/web.idepba.com.ar\/tiendaweb\/wp-content\/uploads\/sites\/6\/2025\/05\/mouse-logitech-300x300.webp",300,300,true],"medium_large":["https:\/\/web.idepba.com.ar\/tiendaweb\/wp-content\/uploads\/sites\/6\/2025\/05\/mouse-logitech-768x768.webp",768,768,true],"large":["https:\/\/web.idepba.com.ar\/tiendaweb\/wp-content\/uploads\/sites\/6\/2025\/05\/mouse-logitech.webp",1024,1024,false],"RoboGalleryMansoryImagesCenter":["https:\/\/web.idepba.com.ar\/tiendaweb\/wp-content\/uploads\/sites\/6\/2025\/05\/mouse-logitech-600x1024.webp",600,1024,true],"RoboGalleryPreload":["https:\/\/web.idepba.com.ar\/tiendaweb\/wp-content\/uploads\/sites\/6\/2025\/05\/mouse-logitech.webp",100,100,false],"1536x1536":["https:\/\/web.idepba.com.ar\/tiendaweb\/wp-content\/uploads\/sites\/6\/2025\/05\/mouse-logitech.webp",1024,1024,false],"2048x2048":["https:\/\/web.idepba.com.ar\/tiendaweb\/wp-content\/uploads\/sites\/6\/2025\/05\/mouse-logitech.webp",1024,1024,false],"depicter-thumbnail":["https:\/\/web.idepba.com.ar\/tiendaweb\/wp-content\/uploads\/sites\/6\/2025\/05\/mouse-logitech-200x200.webp",200,200,true],"woocommerce_archive_thumbnail":["https:\/\/web.idepba.com.ar\/tiendaweb\/wp-content\/uploads\/sites\/6\/2025\/05\/mouse-logitech-300x225.webp",300,225,true],"woocommerce_thumbnail":["https:\/\/web.idepba.com.ar\/tiendaweb\/wp-content\/uploads\/sites\/6\/2025\/05\/mouse-logitech-300x300.webp",300,300,true],"woocommerce_single":["https:\/\/web.idepba.com.ar\/tiendaweb\/wp-content\/uploads\/sites\/6\/2025\/05\/mouse-logitech-600x600.webp",600,600,true],"woocommerce_gallery_thumbnail":["https:\/\/web.idepba.com.ar\/tiendaweb\/wp-content\/uploads\/sites\/6\/2025\/05\/mouse-logitech-100x100.webp",100,100,true],"variation_swatches_image_size":["https:\/\/web.idepba.com.ar\/tiendaweb\/wp-content\/uploads\/sites\/6\/2025\/05\/mouse-logitech-50x50.webp",50,50,true],"variation_swatches_tooltip_size":["https:\/\/web.idepba.com.ar\/tiendaweb\/wp-content\/uploads\/sites\/6\/2025\/05\/mouse-logitech-100x100.webp",100,100,true]},"uagb_author_info":{"display_name":"ivan","author_link":"https:\/\/web.idepba.com.ar\/tiendaweb\/author\/"},"uagb_comment_info":0,"uagb_excerpt":"El mejor aliado para lo que necesites. Us\u00e1 tu Logitech Hero G Series en la oficina, en tu casa o donde quieras y naveg\u00e1 en tus dispositivos sin l\u00edmites. A un click de distancia El mouse gaming te ofrecer\u00e1 la posibilidad de marcar la diferencia y sacar ventajas en tus partidas. Su conectividad y sensor&hellip;","_links":{"self":[{"href":"https:\/\/web.idepba.com.ar\/tiendaweb\/wp-json\/wp\/v2\/product\/218","targetHints":{"allow":["GET"]}}],"collection":[{"href":"https:\/\/web.idepba.com.ar\/tiendaweb\/wp-json\/wp\/v2\/product"}],"about":[{"href":"https:\/\/web.idepba.com.ar\/tiendaweb\/wp-json\/wp\/v2\/types\/product"}],"replies":[{"embeddable":true,"href":"https:\/\/web.idepba.com.ar\/tiendaweb\/wp-json\/wp\/v2\/comments?post=218"}],"wp:featuredmedia":[{"embeddable":true,"href":"https:\/\/web.idepba.com.ar\/tiendaweb\/wp-json\/wp\/v2\/media\/220"}],"wp:attachment":[{"href":"https:\/\/web.idepba.com.ar\/tiendaweb\/wp-json\/wp\/v2\/media?parent=218"}],"wp:term":[{"taxonomy":"product_brand","embeddable":true,"href":"https:\/\/web.idepba.com.ar\/tiendaweb\/wp-json\/wp\/v2\/product_brand?post=218"},{"taxonomy":"product_cat","embeddable":true,"href":"https:\/\/web.idepba.com.ar\/tiendaweb\/wp-json\/wp\/v2\/product_cat?post=218"},{"taxonomy":"product_tag","embeddable":true,"href":"https:\/\/web.idepba.com.ar\/tiendaweb\/wp-json\/wp\/v2\/product_tag?post=218"}],"curies":[{"name":"wp","href":"https:\/\/api.w.org\/{rel}","templated":true}]}}