{"id":225,"date":"2025-05-24T18:41:56","date_gmt":"2025-05-24T21:41:56","guid":{"rendered":"https:\/\/web.idepba.com.ar\/tiendaweb\/?post_type=product&#038;p=225"},"modified":"2025-05-24T19:00:09","modified_gmt":"2025-05-24T22:00:09","slug":"interfaz-de-audio-focusrite-scarlett-8i6-usb","status":"publish","type":"product","link":"https:\/\/web.idepba.com.ar\/tiendaweb\/producto\/interfaz-de-audio-focusrite-scarlett-8i6-usb\/","title":{"rendered":"Interfaz De Audio Focusrite Scarlett 8i6 USB"},"content":{"rendered":"<h4>FOCUSRITE SCARLETT 8i6 USB<\/h4>\n<div>Interfaz de Audio USB 2.0 de 8-entradas y 6-salidas con conectividad de Instrumento, Mict\u00f3fono y MIDI<\/div>\n<div>La interfaz de audio Scarlett 8i6 de Focusrite es una magn\u00edfica soluci\u00f3n de estudio compacto con amplia conectividad para que puedas mantener todo tu hardware conectado y listo para rockear. Dos premiados preamplificadores de micr\u00f3fono\/instrumento Focusrite est\u00e1n incorporados, con sus convenientes entradas combo en el panel frontal donde se necesitan, mientras que el panel trasero alberga cuatro entradas de l\u00ednea balanceadas y cuatro salidas de l\u00ednea balanceadas, adem\u00e1s de E\/S MIDI y S\/PDIF.<\/div>\n<div>&nbsp;<\/div>\n<div>La tercera generaci\u00f3n de Scarlett 8i6 se actualiza con dos preamplificadores de micr\u00f3fono Scarlett, convertidores AD\/DA de 24-bit\/192kHz de alto rendimiento, estructura de ganancia de preamplificaci\u00f3n optimizada, latencia incre\u00edblemente baja, y entradas de instrumentos para manejar micr\u00f3fonos con alta ganancia.<\/div>\n<div>&nbsp;<\/div>\n<div>Los preamplificadores de micr\u00f3fono ahora cuentan con el aclamado modo Air de Focusrite que proporciona el codiciado efecto que modela el legendario transformador de consola ISA de la compa\u00f1\u00eda para dar a sus grabaciones de voz e instrumentos un sonido m\u00e1s brillante y abierto. Con frecuencias de muestreo de hasta 192kHz, tiene un sonido de calidad de estudio que podes llevar a cualquier lugar.<\/div>\n<div>&nbsp;<\/div>\n<div>&nbsp;<\/div>\n<div>ESPECIFICACIONES<\/div>\n<div>\u2013 Conectividad a la computadora: USB 2.0<\/div>\n<div>\u2013 Factor de forma: Escritorio<\/div>\n<div>\u2013 I\/O simult\u00e1neo: 8 x 6<\/div>\n<div>\u2013 N\u00famero de preamplificadores: 2<\/div>\n<div>\u2013 Phantom Power: S\u00ed<\/div>\n<div>\u2013 Resoluci\u00f3n A\/D: Hasta 24 bits\/192kHz<\/div>\n<div>\u2013 Entradas anal\u00f3gicas: 2 x XLR-1\/4\u2033 combo (micro\/Hi-Z), 4 x 1\/4\u2033 (l\u00ednea)<\/div>\n<div>\u2013 Salidas anal\u00f3gicas: 4 x 1\/4\u2033 (salida de l\u00ednea)<\/div>\n<div>\u2013 Entradas Digitales: 1 x Coaxial (S\/PDIF)<\/div>\n<div>\u2013 Salidas Digitales: 1 x Coaxial (S\/PDIF)<\/div>\n<div>\u2013 Auriculares: 2 x 1\/4\u2033.<\/div>\n<div>\u2013 E\/S MIDI: Entrada\/Salida<\/div>\n<div>\u2013 USB: 1 x Tipo USB-C<\/div>\n<div>\u2013 Software: Ableton Live Lite, Pro Tools First Creative Pack, Red Plug-in Suite, Focusrite Collective acceso<\/div>\n<div>\u2013 Requisitos del sistema operativo \u2013 Mac: macOS 10.12 o posterior<\/div>\n<div>\u2013 Fuente de alimentaci\u00f3n: Fuente de alimentaci\u00f3n de 12V DC (incluida)<\/div>\n<div>&nbsp;<\/div>\n<div>Dimensiones: 21.01 x 14.96 x 4.75 cm<\/div>\n<div>Peso: 0.9 kg<\/div>\n","protected":false},"excerpt":{"rendered":"<p>FOCUSRITE SCARLETT 8i6 USB Interfaz de Audio USB 2.0 de 8-entradas y 6-salidas con conectividad de Instrumento, Mict\u00f3fono y MIDI La interfaz de audio Scarlett 8i6 de Focusrite es una magn\u00edfica soluci\u00f3n de estudio compacto con amplia conectividad para que puedas mantener todo tu hardware conectado y listo para rockear. Dos premiados preamplificadores de micr\u00f3fono\/instrumento Focusrite est\u00e1n incorporados, con sus convenientes entradas combo en el panel frontal donde se necesitan, mientras que el panel trasero alberga cuatro entradas de l\u00ednea balanceadas y cuatro salidas de l\u00ednea balanceadas, adem\u00e1s de E\/S MIDI y S\/PDIF. &nbsp; La tercera generaci\u00f3n de Scarlett 8i6 se actualiza con dos preamplificadores de micr\u00f3fono Scarlett, convertidores AD\/DA de 24-bit\/192kHz de alto rendimiento, estructura de ganancia de preamplificaci\u00f3n optimizada, latencia incre\u00edblemente baja, y entradas de instrumentos para manejar micr\u00f3fonos con alta ganancia. &nbsp; Los preamplificadores de micr\u00f3fono ahora cuentan con el aclamado modo Air de Focusrite que proporciona el codiciado efecto que modela el legendario transformador de consola ISA de la compa\u00f1\u00eda para dar a sus grabaciones de voz e instrumentos un sonido m\u00e1s brillante y abierto. Con frecuencias de muestreo de hasta 192kHz, tiene un sonido de calidad de estudio que podes llevar a cualquier lugar. &nbsp; &nbsp; ESPECIFICACIONES \u2013 Conectividad a la computadora: USB 2.0 \u2013 Factor de forma: Escritorio \u2013 I\/O simult\u00e1neo: 8 x 6 \u2013 N\u00famero de preamplificadores: 2 \u2013 Phantom Power: S\u00ed \u2013 Resoluci\u00f3n A\/D: Hasta 24 bits\/192kHz \u2013 Entradas anal\u00f3gicas: 2 x XLR-1\/4\u2033 combo (micro\/Hi-Z), 4 x 1\/4\u2033 (l\u00ednea) \u2013 Salidas anal\u00f3gicas: 4 x 1\/4\u2033 (salida de l\u00ednea) \u2013 Entradas Digitales: 1 x Coaxial (S\/PDIF) \u2013 Salidas Digitales: 1 x Coaxial (S\/PDIF) \u2013 Auriculares: 2 x 1\/4\u2033. \u2013 E\/S MIDI: Entrada\/Salida \u2013 USB: 1 x Tipo USB-C \u2013 Software: Ableton Live Lite, Pro Tools First Creative Pack, Red Plug-in Suite, Focusrite Collective acceso \u2013 Requisitos del sistema operativo \u2013 Mac: macOS 10.12 o posterior \u2013 Fuente de alimentaci\u00f3n: Fuente de alimentaci\u00f3n de 12V DC (incluida) &nbsp; Dimensiones: 21.01 x 14.96 x 4.75 cm Peso: 0.9 kg<\/p>\n","protected":false},"featured_media":229,"comment_status":"open","ping_status":"closed","template":"","meta":{"_uag_custom_page_level_css":"","ngg_post_thumbnail":0,"pgc_sgb_lightbox_settings":""},"product_brand":[40],"product_cat":[18,17],"product_tag":[42,41],"class_list":{"0":"post-225","1":"product","2":"type-product","3":"status-publish","4":"has-post-thumbnail","6":"product_brand-focusrite","7":"product_cat-placas","8":"product_cat-placas-de-audio","9":"product_tag-audio","10":"product_tag-produccion-musical","12":"first","13":"instock","14":"sale","15":"taxable","16":"shipping-taxable","17":"purchasable","18":"product-type-simple"},"uagb_featured_image_src":{"full":["https:\/\/web.idepba.com.ar\/tiendaweb\/wp-content\/uploads\/sites\/6\/2025\/05\/focusrite8i6.jpg",800,800,false],"thumbnail":["https:\/\/web.idepba.com.ar\/tiendaweb\/wp-content\/uploads\/sites\/6\/2025\/05\/focusrite8i6-150x150.jpg",150,150,true],"medium":["https:\/\/web.idepba.com.ar\/tiendaweb\/wp-content\/uploads\/sites\/6\/2025\/05\/focusrite8i6-300x300.jpg",300,300,true],"medium_large":["https:\/\/web.idepba.com.ar\/tiendaweb\/wp-content\/uploads\/sites\/6\/2025\/05\/focusrite8i6-768x768.jpg",768,768,true],"large":["https:\/\/web.idepba.com.ar\/tiendaweb\/wp-content\/uploads\/sites\/6\/2025\/05\/focusrite8i6.jpg",800,800,false],"RoboGalleryMansoryImagesCenter":["https:\/\/web.idepba.com.ar\/tiendaweb\/wp-content\/uploads\/sites\/6\/2025\/05\/focusrite8i6-600x800.jpg",600,800,true],"RoboGalleryPreload":["https:\/\/web.idepba.com.ar\/tiendaweb\/wp-content\/uploads\/sites\/6\/2025\/05\/focusrite8i6.jpg",100,100,false],"1536x1536":["https:\/\/web.idepba.com.ar\/tiendaweb\/wp-content\/uploads\/sites\/6\/2025\/05\/focusrite8i6.jpg",800,800,false],"2048x2048":["https:\/\/web.idepba.com.ar\/tiendaweb\/wp-content\/uploads\/sites\/6\/2025\/05\/focusrite8i6.jpg",800,800,false],"depicter-thumbnail":["https:\/\/web.idepba.com.ar\/tiendaweb\/wp-content\/uploads\/sites\/6\/2025\/05\/focusrite8i6-200x200.jpg",200,200,true],"woocommerce_archive_thumbnail":["https:\/\/web.idepba.com.ar\/tiendaweb\/wp-content\/uploads\/sites\/6\/2025\/05\/focusrite8i6-300x225.jpg",300,225,true],"woocommerce_thumbnail":["https:\/\/web.idepba.com.ar\/tiendaweb\/wp-content\/uploads\/sites\/6\/2025\/05\/focusrite8i6-300x300.jpg",300,300,true],"woocommerce_single":["https:\/\/web.idepba.com.ar\/tiendaweb\/wp-content\/uploads\/sites\/6\/2025\/05\/focusrite8i6-600x600.jpg",600,600,true],"woocommerce_gallery_thumbnail":["https:\/\/web.idepba.com.ar\/tiendaweb\/wp-content\/uploads\/sites\/6\/2025\/05\/focusrite8i6-100x100.jpg",100,100,true],"variation_swatches_image_size":["https:\/\/web.idepba.com.ar\/tiendaweb\/wp-content\/uploads\/sites\/6\/2025\/05\/focusrite8i6-50x50.jpg",50,50,true],"variation_swatches_tooltip_size":["https:\/\/web.idepba.com.ar\/tiendaweb\/wp-content\/uploads\/sites\/6\/2025\/05\/focusrite8i6-100x100.jpg",100,100,true]},"uagb_author_info":{"display_name":"ivan","author_link":"https:\/\/web.idepba.com.ar\/tiendaweb\/author\/"},"uagb_comment_info":0,"uagb_excerpt":"FOCUSRITE SCARLETT 8i6 USB Interfaz de Audio USB 2.0 de 8-entradas y 6-salidas con conectividad de Instrumento, Mict\u00f3fono y MIDI La interfaz de audio Scarlett 8i6 de Focusrite es una magn\u00edfica soluci\u00f3n de estudio compacto con amplia conectividad para que puedas mantener todo tu hardware conectado y listo para rockear. Dos premiados preamplificadores de micr\u00f3fono\/instrumento&hellip;","_links":{"self":[{"href":"https:\/\/web.idepba.com.ar\/tiendaweb\/wp-json\/wp\/v2\/product\/225","targetHints":{"allow":["GET"]}}],"collection":[{"href":"https:\/\/web.idepba.com.ar\/tiendaweb\/wp-json\/wp\/v2\/product"}],"about":[{"href":"https:\/\/web.idepba.com.ar\/tiendaweb\/wp-json\/wp\/v2\/types\/product"}],"replies":[{"embeddable":true,"href":"https:\/\/web.idepba.com.ar\/tiendaweb\/wp-json\/wp\/v2\/comments?post=225"}],"wp:featuredmedia":[{"embeddable":true,"href":"https:\/\/web.idepba.com.ar\/tiendaweb\/wp-json\/wp\/v2\/media\/229"}],"wp:attachment":[{"href":"https:\/\/web.idepba.com.ar\/tiendaweb\/wp-json\/wp\/v2\/media?parent=225"}],"wp:term":[{"taxonomy":"product_brand","embeddable":true,"href":"https:\/\/web.idepba.com.ar\/tiendaweb\/wp-json\/wp\/v2\/product_brand?post=225"},{"taxonomy":"product_cat","embeddable":true,"href":"https:\/\/web.idepba.com.ar\/tiendaweb\/wp-json\/wp\/v2\/product_cat?post=225"},{"taxonomy":"product_tag","embeddable":true,"href":"https:\/\/web.idepba.com.ar\/tiendaweb\/wp-json\/wp\/v2\/product_tag?post=225"}],"curies":[{"name":"wp","href":"https:\/\/api.w.org\/{rel}","templated":true}]}}