{"id":230,"date":"2025-05-24T19:07:12","date_gmt":"2025-05-24T22:07:12","guid":{"rendered":"https:\/\/web.idepba.com.ar\/tiendaweb\/?post_type=product&#038;p=230"},"modified":"2025-05-24T19:07:13","modified_gmt":"2025-05-24T22:07:13","slug":"interfaz-de-audio-focusrite-scarlett-18i20-220v-3-a-gen","status":"publish","type":"product","link":"https:\/\/web.idepba.com.ar\/tiendaweb\/producto\/interfaz-de-audio-focusrite-scarlett-18i20-220v-3-a-gen\/","title":{"rendered":"Interfaz de audio Focusrite Scarlett 18i20 220V 3.\u00aa gen"},"content":{"rendered":"<p>Dise\u00f1ado para ofrecer un sonido de primera calidad en un formato apto para rack y f\u00e1cil de usar para bandas, ingenieros de estudios de proyectos y podcasters de panel que necesitan la funcionalidad de mezcla menos al recibir llamadas, el Focusrite Scarlett 18i20 18&#215;20 USB de tercera generaci\u00f3n \/ audio \/ La interfaz MIDI permite a los artistas, ingenieros y productores obtener tonos de nivel profesional sin curva de aprendizaje.<\/p>\n<p>Igualmente capaces de rastrear voces e instrumentos, los ocho preamplificadores de micr\u00f3fono Scarlett mejorados cuentan con alimentaci\u00f3n fantasma conmutable para micr\u00f3fonos de condensador, almohadillas para evitar la distorsi\u00f3n en se\u00f1ales de entrada fuertes y un circuito de aire seleccionable por canal, que agrega brillo que mejora la claridad basado en el preamplificador ISA legendario de Focusrite.<\/p>\n<p>Las dos primeras entradas combinadas XLR-1\/4 &#8220;pueden aceptar nivel de instrumento no balanceado de guitarras, bajos, sintetizadores y cajas de ritmos, o nivel de l\u00ednea balanceado desde una consola de mezclas o preamplificadores externos, mientras que las entradas combinadas 3-8 admiten micr\u00f3fono o l\u00ednea -fuentes de nivel.<\/p>\n<p>Al desbloquear la capacidad de grabar con calidad de CD est\u00e1ndar o resoluciones de alta fidelidad, los convertidores AD \/ DA de 24 bits \/ 192 kHz garantizan que las se\u00f1ales se capturen y reproduzcan con detalle y precisi\u00f3n. Con cuatro salidas de l\u00ednea \/ monitor balanceadas de 1\/4 &#8220;, seis salidas de l\u00ednea adicionales de 1\/4&#8221;, dos tomas de auriculares est\u00e9reo de 1\/4 &#8220;y control de volumen independiente de las dos salidas de auriculares y las salidas de altavoz principal \/ alternativa, la Scarlett 18i20 puede alimentar simult\u00e1neamente m\u00faltiples sistemas de monitoreo y procesadores de efectos externos con facilidad.<\/p>\n<p>La funci\u00f3n de bucle invertido virtual en Scarlett 18i20 permite a los podcasters una configuraci\u00f3n f\u00e1cil de mezclar menos para atender llamadas sin que la persona que llama se distraiga con una se\u00f1al de retorno de audio retardada. Adem\u00e1s, la funci\u00f3n talkback a bordo y el micr\u00f3fono talkback incorporado agilizan la tarea de comunicarse con sus artistas durante las sesiones de grabaci\u00f3n. Incluso puede utilizar su iPad, iPhone o iPod touch para controlar de forma inal\u00e1mbrica la Scarlett 18i20.<\/p>\n<p>Utilice los puertos de entrada y salida \u00f3pticos ADAT duales para conectar convertidores AD \/ DA externos de 8 canales (disponibles por separado). La E \/ S MIDI tradicional de 5 pines se proporciona para una integraci\u00f3n perfecta de equipos MIDI, como un teclado o un m\u00f3dulo de sonido, y los puertos coaxiales S \/ PDIF permiten el enrutamiento adecuado de equipos digitales est\u00e9reo.<\/p>\n<p>Con alimentaci\u00f3n de CA para una alimentaci\u00f3n estable en el estudio, conexi\u00f3n USB tipo C que ahorra espacio y un extenso paquete de software que incluye versiones elementales de estaciones de trabajo de producci\u00f3n musical Ableton Live y Avid Pro Tools, instrumentos virtuales, efectos de plug-in, bucles y m\u00e1s, Scarlett 18i20 le ofrece muchas herramientas poderosas para poner en marcha su inspiraci\u00f3n. Simplemente conecte la Scarlett 18i20 a una fuente de alimentaci\u00f3n de CA a trav\u00e9s del cable de alimentaci\u00f3n suministrado, con\u00e9ctelo a su computadora Mac \/ Windows a trav\u00e9s de USB, inicie su software de grabaci\u00f3n de audio preferido y deje fluir la creatividad.<\/p>\n<p>&#8211; Ideal para bandas, estudios de proyectos y configuraciones de casas grandes.<br \/>\nCon su tama\u00f1o de 1 RU, conectividad USB tipo C y alimentaci\u00f3n de CA (a trav\u00e9s del cable de alimentaci\u00f3n incluido), la Scarlett 18i20 es ideal para bandas, estudios de proyectos y grandes configuraciones dom\u00e9sticas que necesitan una gran cantidad de E \/ S anal\u00f3gicas y digitales en un factor de forma de montaje en bastidor.<\/p>\n<p>&#8211; Conversi\u00f3n impecable de alta resoluci\u00f3n<br \/>\nGracias a sus convertidores AD \/ DA de 24 bits \/ 192 kHz de alto rendimiento, la Scarlett 18i20 est\u00e1 equipada para capturar cualquier fuente, desde voces hasta instrumentos ac\u00fasticos y el\u00e9ctricos de forma clara y precisa.<\/p>\n<p>&#8211; Preamplificadores de micr\u00f3fono Scarlett con tono personalizable<br \/>\nLos ocho preamplificadores de micr\u00f3fono Scarlett de tercera generaci\u00f3n mejorados cuentan con alimentaci\u00f3n fantasma de 48V conmutable (en bancos de cuatro canales) para adaptarse a sus micr\u00f3fonos de condensador favoritos, y una configuraci\u00f3n Air seleccionable por canal, que reproduce el efecto Air del preamplificador de micr\u00f3fono ISA original de Focusrite para imparte mayor brillo y franqueza en sus grabaciones vocales. Utilice los pads de entrada seleccionables para evitar la distorsi\u00f3n al rastrear fuentes de alto nivel, como bater\u00edas ac\u00fasticas o guitarras el\u00e9ctricas equipadas con pastillas activas.<\/p>\n<p>&#8211; Cambio de instrumento \/ l\u00ednea<br \/>\nGracias a la configuraci\u00f3n de l\u00ednea \/ instrumento conmutable, las dos primeras entradas combinadas XLR-1\/4 &#8220;en el panel frontal de Scarlett 18i20 permiten la grabaci\u00f3n sin distorsiones de instrumentos como guitarras y bajos el\u00e9ctricos, sintetizadores o cajas de ritmos sin necesidad de cajas DI o amplificadores, o en el modo de l\u00ednea se pueden usar para fuentes de nivel de l\u00ednea como la salida est\u00e9reo de un mezclador o las salidas de l\u00ednea de preamplificadores de micr\u00f3fono externos o amplificadores de guitarra \/ bajo. Las entradas combinadas 3-8 pueden manejar niveles de micr\u00f3fono o de l\u00ednea fuentes.<\/p>\n<p>&#8211; Controles sencillos e indicaci\u00f3n de nivel<br \/>\nLas perillas de ganancia independientes de Scarlett 18i20 y los medidores de entrada LED de 5 segmentos significan que no tendr\u00e1 problemas para configurar y marcar los niveles perfectos.<\/p>\n<p>&#8211; Salidas duales independientes de auriculares y monitor principal \/ alternativa<br \/>\nLas primeras cuatro salidas de monitor TRS balanceadas de 1\/4 &#8220;en el panel trasero permiten una conectividad sin zumbidos con dos pares de monitores de estudio balanceados, y su tecnolog\u00eda anti-golpes protege sus parlantes si la interfaz est\u00e1 encendida mientras los parlantes est\u00e1n encendidos. Para permitir una escucha cr\u00edtica a trav\u00e9s de auriculares para dos personas, hay dos conectores para auriculares de 1\/4 &#8220;en el panel frontal, cada uno con su propia perilla de volumen dedicada. Se asigna otra perilla para controlar el volumen de las salidas del monitor principal (1-2) o las salidas del monitor alternativo (3-4), y se proporcionan botones para las funciones de atenuaci\u00f3n y silencio.<\/p>\n<p>&#8211; Salidas de l\u00ednea del panel trasero<br \/>\nSe pueden encontrar seis salidas de l\u00ednea TRS balanceadas adicionales de 1\/4 &#8220;en el panel trasero de Scarlett 18i20. \u00daselos para enrutar pistas de su sesi\u00f3n a entradas anal\u00f3gicas separadas en una consola o mezclador sumador, o para alimentar procesadores de efectos externos.<\/p>\n","protected":false},"excerpt":{"rendered":"<p>Dise\u00f1ado para ofrecer un sonido de primera calidad en un formato apto para rack y f\u00e1cil de usar para bandas, ingenieros de estudios de proyectos y podcasters de panel que necesitan la funcionalidad de mezcla menos al recibir llamadas, el Focusrite Scarlett 18i20 18&#215;20 USB de tercera generaci\u00f3n \/ audio \/ La interfaz MIDI permite a los artistas, ingenieros y productores obtener tonos de nivel profesional sin curva de aprendizaje. Igualmente capaces de rastrear voces e instrumentos, los ocho preamplificadores de micr\u00f3fono Scarlett mejorados cuentan con alimentaci\u00f3n fantasma conmutable para micr\u00f3fonos de condensador, almohadillas para evitar la distorsi\u00f3n en se\u00f1ales de entrada fuertes y un circuito de aire seleccionable por canal, que agrega brillo que mejora la claridad basado en el preamplificador ISA legendario de Focusrite. Las dos primeras entradas combinadas XLR-1\/4 &#8220;pueden aceptar nivel de instrumento no balanceado de guitarras, bajos, sintetizadores y cajas de ritmos, o nivel de l\u00ednea balanceado desde una consola de mezclas o preamplificadores externos, mientras que las entradas combinadas 3-8 admiten micr\u00f3fono o l\u00ednea -fuentes de nivel. Al desbloquear la capacidad de grabar con calidad de CD est\u00e1ndar o resoluciones de alta fidelidad, los convertidores AD \/ DA de 24 bits \/ 192 kHz garantizan que las se\u00f1ales se capturen y reproduzcan con detalle y precisi\u00f3n. Con cuatro salidas de l\u00ednea \/ monitor balanceadas de 1\/4 &#8220;, seis salidas de l\u00ednea adicionales de 1\/4&#8221;, dos tomas de auriculares est\u00e9reo de 1\/4 &#8220;y control de volumen independiente de las dos salidas de auriculares y las salidas de altavoz principal \/ alternativa, la Scarlett 18i20 puede alimentar simult\u00e1neamente m\u00faltiples sistemas de monitoreo y procesadores de efectos externos con facilidad. La funci\u00f3n de bucle invertido virtual en Scarlett 18i20 permite a los podcasters una configuraci\u00f3n f\u00e1cil de mezclar menos para atender llamadas sin que la persona que llama se distraiga con una se\u00f1al de retorno de audio retardada. Adem\u00e1s, la funci\u00f3n talkback a bordo y el micr\u00f3fono talkback incorporado agilizan la tarea de comunicarse con sus artistas durante las sesiones de grabaci\u00f3n. Incluso puede utilizar su iPad, iPhone o iPod touch para controlar de forma inal\u00e1mbrica la Scarlett 18i20. Utilice los puertos de entrada y salida \u00f3pticos ADAT duales para conectar convertidores AD \/ DA externos de 8 canales (disponibles por separado). La E \/ S MIDI tradicional de 5 pines se proporciona para una integraci\u00f3n perfecta de equipos MIDI, como un teclado o un m\u00f3dulo de sonido, y los puertos coaxiales S \/ PDIF permiten el enrutamiento adecuado de equipos digitales est\u00e9reo. Con alimentaci\u00f3n de CA para una alimentaci\u00f3n estable en el estudio, conexi\u00f3n USB tipo C que ahorra espacio y un extenso paquete de software que incluye versiones elementales de estaciones de trabajo de producci\u00f3n musical Ableton Live y Avid Pro Tools, instrumentos virtuales, efectos de plug-in, bucles y m\u00e1s, Scarlett 18i20 le ofrece muchas herramientas poderosas para poner en marcha su inspiraci\u00f3n. Simplemente conecte la Scarlett 18i20 a una fuente de alimentaci\u00f3n de CA a trav\u00e9s del cable de alimentaci\u00f3n suministrado, con\u00e9ctelo a su computadora Mac \/ Windows a trav\u00e9s de USB, inicie su software de grabaci\u00f3n de audio preferido y deje fluir la creatividad. &#8211; Ideal para bandas, estudios de proyectos y configuraciones de casas grandes. Con su tama\u00f1o de 1 RU, conectividad USB tipo C y alimentaci\u00f3n de CA (a trav\u00e9s del cable de alimentaci\u00f3n incluido), la Scarlett 18i20 es ideal para bandas, estudios de proyectos y grandes configuraciones dom\u00e9sticas que necesitan una gran cantidad de E \/ S anal\u00f3gicas y digitales en un factor de forma de montaje en bastidor. &#8211; Conversi\u00f3n impecable de alta resoluci\u00f3n Gracias a sus convertidores AD \/ DA de 24 bits \/ 192 kHz de alto rendimiento, la Scarlett 18i20 est\u00e1 equipada para capturar cualquier fuente, desde voces hasta instrumentos ac\u00fasticos y el\u00e9ctricos de forma clara y precisa. &#8211; Preamplificadores de micr\u00f3fono Scarlett con tono personalizable Los ocho preamplificadores de micr\u00f3fono Scarlett de tercera generaci\u00f3n mejorados cuentan con alimentaci\u00f3n fantasma de 48V conmutable (en bancos de cuatro canales) para adaptarse a sus micr\u00f3fonos de condensador favoritos, y una configuraci\u00f3n Air seleccionable por canal, que reproduce el efecto Air del preamplificador de micr\u00f3fono ISA original de Focusrite para imparte mayor brillo y franqueza en sus grabaciones vocales. Utilice los pads de entrada seleccionables para evitar la distorsi\u00f3n al rastrear fuentes de alto nivel, como bater\u00edas ac\u00fasticas o guitarras el\u00e9ctricas equipadas con pastillas activas. &#8211; Cambio de instrumento \/ l\u00ednea Gracias a la configuraci\u00f3n de l\u00ednea \/ instrumento conmutable, las dos primeras entradas combinadas XLR-1\/4 &#8220;en el panel frontal de Scarlett 18i20 permiten la grabaci\u00f3n sin distorsiones de instrumentos como guitarras y bajos el\u00e9ctricos, sintetizadores o cajas de ritmos sin necesidad de cajas DI o amplificadores, o en el modo de l\u00ednea se pueden usar para fuentes de nivel de l\u00ednea como la salida est\u00e9reo de un mezclador o las salidas de l\u00ednea de preamplificadores de micr\u00f3fono externos o amplificadores de guitarra \/ bajo. Las entradas combinadas 3-8 pueden manejar niveles de micr\u00f3fono o de l\u00ednea fuentes. &#8211; Controles sencillos e indicaci\u00f3n de nivel Las perillas de ganancia independientes de Scarlett 18i20 y los medidores de entrada LED de 5 segmentos significan que no tendr\u00e1 problemas para configurar y marcar los niveles perfectos. &#8211; Salidas duales independientes de auriculares y monitor principal \/ alternativa Las primeras cuatro salidas de monitor TRS balanceadas de 1\/4 &#8220;en el panel trasero permiten una conectividad sin zumbidos con dos pares de monitores de estudio balanceados, y su tecnolog\u00eda anti-golpes protege sus parlantes si la interfaz est\u00e1 encendida mientras los parlantes est\u00e1n encendidos. Para permitir una escucha cr\u00edtica a trav\u00e9s de auriculares para dos personas, hay dos conectores para auriculares de 1\/4 &#8220;en el panel frontal, cada uno con su propia perilla de volumen dedicada. Se asigna otra perilla para controlar el volumen de las salidas del monitor principal (1-2) o las salidas del monitor alternativo (3-4), y se proporcionan botones para las funciones de atenuaci\u00f3n y silencio. &#8211; Salidas de l\u00ednea del panel trasero Se pueden encontrar seis salidas de l\u00ednea<\/p>\n","protected":false},"featured_media":231,"comment_status":"open","ping_status":"closed","template":"","meta":{"_uag_custom_page_level_css":"","ngg_post_thumbnail":0,"pgc_sgb_lightbox_settings":""},"product_brand":[40],"product_cat":[18,17],"product_tag":[42,41],"class_list":{"0":"post-230","1":"product","2":"type-product","3":"status-publish","4":"has-post-thumbnail","6":"product_brand-focusrite","7":"product_cat-placas","8":"product_cat-placas-de-audio","9":"product_tag-audio","10":"product_tag-produccion-musical","12":"first","13":"instock","14":"taxable","15":"shipping-taxable","16":"purchasable","17":"product-type-simple"},"uagb_featured_image_src":{"full":["https:\/\/web.idepba.com.ar\/tiendaweb\/wp-content\/uploads\/sites\/6\/2025\/05\/focusrite18i20.jpg",800,800,false],"thumbnail":["https:\/\/web.idepba.com.ar\/tiendaweb\/wp-content\/uploads\/sites\/6\/2025\/05\/focusrite18i20-150x150.jpg",150,150,true],"medium":["https:\/\/web.idepba.com.ar\/tiendaweb\/wp-content\/uploads\/sites\/6\/2025\/05\/focusrite18i20-300x300.jpg",300,300,true],"medium_large":["https:\/\/web.idepba.com.ar\/tiendaweb\/wp-content\/uploads\/sites\/6\/2025\/05\/focusrite18i20-768x768.jpg",768,768,true],"large":["https:\/\/web.idepba.com.ar\/tiendaweb\/wp-content\/uploads\/sites\/6\/2025\/05\/focusrite18i20.jpg",800,800,false],"RoboGalleryMansoryImagesCenter":["https:\/\/web.idepba.com.ar\/tiendaweb\/wp-content\/uploads\/sites\/6\/2025\/05\/focusrite18i20-600x800.jpg",600,800,true],"RoboGalleryPreload":["https:\/\/web.idepba.com.ar\/tiendaweb\/wp-content\/uploads\/sites\/6\/2025\/05\/focusrite18i20.jpg",100,100,false],"1536x1536":["https:\/\/web.idepba.com.ar\/tiendaweb\/wp-content\/uploads\/sites\/6\/2025\/05\/focusrite18i20.jpg",800,800,false],"2048x2048":["https:\/\/web.idepba.com.ar\/tiendaweb\/wp-content\/uploads\/sites\/6\/2025\/05\/focusrite18i20.jpg",800,800,false],"depicter-thumbnail":["https:\/\/web.idepba.com.ar\/tiendaweb\/wp-content\/uploads\/sites\/6\/2025\/05\/focusrite18i20-200x200.jpg",200,200,true],"woocommerce_archive_thumbnail":["https:\/\/web.idepba.com.ar\/tiendaweb\/wp-content\/uploads\/sites\/6\/2025\/05\/focusrite18i20-300x225.jpg",300,225,true],"woocommerce_thumbnail":["https:\/\/web.idepba.com.ar\/tiendaweb\/wp-content\/uploads\/sites\/6\/2025\/05\/focusrite18i20-300x300.jpg",300,300,true],"woocommerce_single":["https:\/\/web.idepba.com.ar\/tiendaweb\/wp-content\/uploads\/sites\/6\/2025\/05\/focusrite18i20-600x600.jpg",600,600,true],"woocommerce_gallery_thumbnail":["https:\/\/web.idepba.com.ar\/tiendaweb\/wp-content\/uploads\/sites\/6\/2025\/05\/focusrite18i20-100x100.jpg",100,100,true],"variation_swatches_image_size":["https:\/\/web.idepba.com.ar\/tiendaweb\/wp-content\/uploads\/sites\/6\/2025\/05\/focusrite18i20-50x50.jpg",50,50,true],"variation_swatches_tooltip_size":["https:\/\/web.idepba.com.ar\/tiendaweb\/wp-content\/uploads\/sites\/6\/2025\/05\/focusrite18i20-100x100.jpg",100,100,true]},"uagb_author_info":{"display_name":"ivan","author_link":"https:\/\/web.idepba.com.ar\/tiendaweb\/author\/"},"uagb_comment_info":0,"uagb_excerpt":"Dise\u00f1ado para ofrecer un sonido de primera calidad en un formato apto para rack y f\u00e1cil de usar para bandas, ingenieros de estudios de proyectos y podcasters de panel que necesitan la funcionalidad de mezcla menos al recibir llamadas, el Focusrite Scarlett 18i20 18&#215;20 USB de tercera generaci\u00f3n \/ audio \/ La interfaz MIDI permite&hellip;","_links":{"self":[{"href":"https:\/\/web.idepba.com.ar\/tiendaweb\/wp-json\/wp\/v2\/product\/230","targetHints":{"allow":["GET"]}}],"collection":[{"href":"https:\/\/web.idepba.com.ar\/tiendaweb\/wp-json\/wp\/v2\/product"}],"about":[{"href":"https:\/\/web.idepba.com.ar\/tiendaweb\/wp-json\/wp\/v2\/types\/product"}],"replies":[{"embeddable":true,"href":"https:\/\/web.idepba.com.ar\/tiendaweb\/wp-json\/wp\/v2\/comments?post=230"}],"wp:featuredmedia":[{"embeddable":true,"href":"https:\/\/web.idepba.com.ar\/tiendaweb\/wp-json\/wp\/v2\/media\/231"}],"wp:attachment":[{"href":"https:\/\/web.idepba.com.ar\/tiendaweb\/wp-json\/wp\/v2\/media?parent=230"}],"wp:term":[{"taxonomy":"product_brand","embeddable":true,"href":"https:\/\/web.idepba.com.ar\/tiendaweb\/wp-json\/wp\/v2\/product_brand?post=230"},{"taxonomy":"product_cat","embeddable":true,"href":"https:\/\/web.idepba.com.ar\/tiendaweb\/wp-json\/wp\/v2\/product_cat?post=230"},{"taxonomy":"product_tag","embeddable":true,"href":"https:\/\/web.idepba.com.ar\/tiendaweb\/wp-json\/wp\/v2\/product_tag?post=230"}],"curies":[{"name":"wp","href":"https:\/\/api.w.org\/{rel}","templated":true}]}}