{"id":483,"date":"2025-09-29T14:28:48","date_gmt":"2025-09-29T17:28:48","guid":{"rendered":"https:\/\/web.idepba.com.ar\/tiendaweb\/?post_type=product&#038;p=483"},"modified":"2025-09-29T14:31:26","modified_gmt":"2025-09-29T17:31:26","slug":"placa-de-audio-behringer-umc22","status":"publish","type":"product","link":"https:\/\/web.idepba.com.ar\/tiendaweb\/producto\/placa-de-audio-behringer-umc22\/","title":{"rendered":"Placa de audio BEHRINGER UMC22"},"content":{"rendered":"<h3>Descripci\u00f3n<\/h3>\n<p>Contar con una buena calidad de sonido a la hora de grabar tus pistas es muy importante para dar el salto de amateur a profesional. Es por eso que esta interface de audio Behringer UMC22 U-Phoria es la indicada para vos.<\/p>\n<p>Logr\u00e1 la grabaci\u00f3n completa<\/p>\n<p>Este aparato cuenta con 2 entradas, lo que te permitir\u00e1 ingresar varios sonidos a la vez. La regla es que necesit\u00e1s tantas entradas como l\u00edneas quieras grabar simult\u00e1neamente, es decir que podr\u00e1s utilizarla para micr\u00f3fonos e instrumentos y obtener una grabaci\u00f3n completa de una sola vez. Adem\u00e1s, cuenta con 2 salidas que te permitir\u00e1n conectar a tu computadora y as\u00ed hacer el trabajo de forma integral.<\/p>\n<p>Poder fantasma activo<\/p>\n<p>Para dar m\u00e1s potencia a la se\u00f1al que conectes a la interface, este producto cuenta con alimentaci\u00f3n fantasma o phantom, que optimiza la se\u00f1al y brinda corriente de manera constante a todos los dispositivos de audio que conectes.<\/p>\n<p>Placa De Sonido Behringer UMC 22 Interface Usb 2&#215;2 Audio<\/p>\n<p>Caracter\u00edsticas: Behringer UMC 22<\/p>\n<p>&#8211; 16-bit 48kHz<\/p>\n<p>&#8211; 2 entradas y 2 salidas<\/p>\n<p>&#8211; 1 conexi\u00f3n combinada XLR\/Jack de 6,3mm y 1x Jack de 6,3mm<\/p>\n<p>&#8211; Previo de micr\u00f3fono dise\u00f1ado por MIDAS con alimentaci\u00f3n Phantom de 48V<\/p>\n<p>&#8211; Entrada de guitarra<\/p>\n<p>&#8211; Indicadores de se\u00f1al y Clip<\/p>\n<p>&#8211; Direct Monitoring con regulador de nivel<\/p>\n<p>&#8211; Toma de auriculares Jack de 6,3mm<\/p>\n<p>&#8211; Salida Jack de 6,3mm<\/p>\n<p>&#8211; Alimentaci\u00f3n por puerto USB<\/p>\n<p>&#8211; Compatible con Windows XP, Vista, 7-10 as\u00ed como MAC OS<\/p>\n<p>&#8211; Carcasa de metal &#8220;Construido-como-un-tanque&#8221;, resistente a los choques<\/p>\n<p>&#8211; Incluye cable USB<\/p>\n","protected":false},"excerpt":{"rendered":"<p>Placa de audio Berhinger Profesional para estudio (importada)<\/p>\n","protected":false},"featured_media":484,"comment_status":"open","ping_status":"closed","template":"","meta":{"_uag_custom_page_level_css":"","ngg_post_thumbnail":0,"pgc_sgb_lightbox_settings":""},"product_brand":[48],"product_cat":[18,17],"product_tag":[42,49,41],"class_list":{"0":"post-483","1":"product","2":"type-product","3":"status-publish","4":"has-post-thumbnail","6":"product_brand-berhinger","7":"product_cat-placas","8":"product_cat-placas-de-audio","9":"product_tag-audio","10":"product_tag-musica","11":"product_tag-produccion-musical","13":"first","14":"instock","15":"taxable","16":"shipping-taxable","17":"purchasable","18":"product-type-variable"},"uagb_featured_image_src":{"full":["https:\/\/web.idepba.com.ar\/tiendaweb\/wp-content\/uploads\/sites\/6\/2025\/09\/placa_berhinger.jpg",900,900,false],"thumbnail":["https:\/\/web.idepba.com.ar\/tiendaweb\/wp-content\/uploads\/sites\/6\/2025\/09\/placa_berhinger-150x150.jpg",150,150,true],"medium":["https:\/\/web.idepba.com.ar\/tiendaweb\/wp-content\/uploads\/sites\/6\/2025\/09\/placa_berhinger-300x300.jpg",300,300,true],"medium_large":["https:\/\/web.idepba.com.ar\/tiendaweb\/wp-content\/uploads\/sites\/6\/2025\/09\/placa_berhinger-768x768.jpg",768,768,true],"large":["https:\/\/web.idepba.com.ar\/tiendaweb\/wp-content\/uploads\/sites\/6\/2025\/09\/placa_berhinger.jpg",900,900,false],"RoboGalleryMansoryImagesCenter":["https:\/\/web.idepba.com.ar\/tiendaweb\/wp-content\/uploads\/sites\/6\/2025\/09\/placa_berhinger-600x900.jpg",600,900,true],"RoboGalleryPreload":["https:\/\/web.idepba.com.ar\/tiendaweb\/wp-content\/uploads\/sites\/6\/2025\/09\/placa_berhinger-100x100.jpg",100,100,true],"1536x1536":["https:\/\/web.idepba.com.ar\/tiendaweb\/wp-content\/uploads\/sites\/6\/2025\/09\/placa_berhinger.jpg",900,900,false],"2048x2048":["https:\/\/web.idepba.com.ar\/tiendaweb\/wp-content\/uploads\/sites\/6\/2025\/09\/placa_berhinger.jpg",900,900,false],"depicter-thumbnail":["https:\/\/web.idepba.com.ar\/tiendaweb\/wp-content\/uploads\/sites\/6\/2025\/09\/placa_berhinger-200x200.jpg",200,200,true],"woocommerce_archive_thumbnail":["https:\/\/web.idepba.com.ar\/tiendaweb\/wp-content\/uploads\/sites\/6\/2025\/09\/placa_berhinger-300x225.jpg",300,225,true],"woocommerce_thumbnail":["https:\/\/web.idepba.com.ar\/tiendaweb\/wp-content\/uploads\/sites\/6\/2025\/09\/placa_berhinger-300x300.jpg",300,300,true],"woocommerce_single":["https:\/\/web.idepba.com.ar\/tiendaweb\/wp-content\/uploads\/sites\/6\/2025\/09\/placa_berhinger-600x600.jpg",600,600,true],"woocommerce_gallery_thumbnail":["https:\/\/web.idepba.com.ar\/tiendaweb\/wp-content\/uploads\/sites\/6\/2025\/09\/placa_berhinger-100x100.jpg",100,100,true],"variation_swatches_image_size":["https:\/\/web.idepba.com.ar\/tiendaweb\/wp-content\/uploads\/sites\/6\/2025\/09\/placa_berhinger-50x50.jpg",50,50,true],"variation_swatches_tooltip_size":["https:\/\/web.idepba.com.ar\/tiendaweb\/wp-content\/uploads\/sites\/6\/2025\/09\/placa_berhinger-100x100.jpg",100,100,true]},"uagb_author_info":{"display_name":"web_admin","author_link":"https:\/\/web.idepba.com.ar\/tiendaweb\/author\/"},"uagb_comment_info":0,"uagb_excerpt":"Placa de audio Berhinger Profesional para estudio (importada)","_links":{"self":[{"href":"https:\/\/web.idepba.com.ar\/tiendaweb\/wp-json\/wp\/v2\/product\/483","targetHints":{"allow":["GET"]}}],"collection":[{"href":"https:\/\/web.idepba.com.ar\/tiendaweb\/wp-json\/wp\/v2\/product"}],"about":[{"href":"https:\/\/web.idepba.com.ar\/tiendaweb\/wp-json\/wp\/v2\/types\/product"}],"replies":[{"embeddable":true,"href":"https:\/\/web.idepba.com.ar\/tiendaweb\/wp-json\/wp\/v2\/comments?post=483"}],"wp:featuredmedia":[{"embeddable":true,"href":"https:\/\/web.idepba.com.ar\/tiendaweb\/wp-json\/wp\/v2\/media\/484"}],"wp:attachment":[{"href":"https:\/\/web.idepba.com.ar\/tiendaweb\/wp-json\/wp\/v2\/media?parent=483"}],"wp:term":[{"taxonomy":"product_brand","embeddable":true,"href":"https:\/\/web.idepba.com.ar\/tiendaweb\/wp-json\/wp\/v2\/product_brand?post=483"},{"taxonomy":"product_cat","embeddable":true,"href":"https:\/\/web.idepba.com.ar\/tiendaweb\/wp-json\/wp\/v2\/product_cat?post=483"},{"taxonomy":"product_tag","embeddable":true,"href":"https:\/\/web.idepba.com.ar\/tiendaweb\/wp-json\/wp\/v2\/product_tag?post=483"}],"curies":[{"name":"wp","href":"https:\/\/api.w.org\/{rel}","templated":true}]}}